{"id":1293,"date":"2024-06-27T11:54:53","date_gmt":"2024-06-27T11:54:53","guid":{"rendered":"https:\/\/ayatest.hddlife.com\/?page_id=1293"},"modified":"2025-03-05T07:53:41","modified_gmt":"2025-03-05T07:53:41","slug":"hddlife-screenshots","status":"publish","type":"page","link":"https:\/\/hddlife.com\/de\/hddlife-screenshots\/","title":{"rendered":"HDDlife screenshots"},"content":{"rendered":"<div class=\"wp-block-uagb-advanced-heading uagb-block-14640921\"><h1 class=\"uagb-heading-text\">HDDlife screenshots in action.<\/h1><\/div>\n\n\n\n<div class=\"wp-block-uagb-container uagb-block-0d97bb09 alignfull uagb-is-root-container\"><div class=\"uagb-container-inner-blocks-wrap\">\n<div class=\"wp-block-uagb-container uagb-block-23f20022 alignfull uagb-is-root-container\"><div class=\"uagb-container-inner-blocks-wrap\">\n<div class=\"wp-block-uagb-image alignleft uagb-block-9ad2e1c2 wp-block-uagb-image--layout-default wp-block-uagb-image--effect-static wp-block-uagb-image--align-left\"><figure class=\"wp-block-uagb-image__figure\"><img decoding=\"async\" srcset=\"https:\/\/hddlife.com\/wp-content\/uploads\/2024\/06\/MainWindow-HDD.png ,https:\/\/hddlife.com\/wp-content\/uploads\/2024\/06\/MainWindow-HDD.png 780w, https:\/\/hddlife.com\/wp-content\/uploads\/2024\/06\/MainWindow-HDD.png 360w\" sizes=\"auto, (max-width: 480px) 150px\" src=\"https:\/\/hddlife.com\/wp-content\/uploads\/2024\/06\/MainWindow-HDD.png\" alt=\"HDDlife screenshots\" class=\"uag-image-1123\" width=\"444\" height=\"572\" title=\"MainWindow-HDD\" loading=\"lazy\" role=\"img\"\/><\/figure><\/div>\n\n\n\n<p class=\"has-text-align-left\">Das Hauptfenster mit den Informationen \u00fcber die Festplatte. Der allgemeine Zustand der Festplatte wird zusammen mit dem Prozentsatz der verbleibenden Lebensdauer und der Leistungsrate angezeigt. Wenn Sie mehrere Festplatten haben, k\u00f6nnen Sie \u00fcber die Registerkarten oben im Fenster zwischen ihnen wechseln.<\/p>\n<\/div><\/div>\n\n\n\n<div class=\"wp-block-uagb-container uagb-block-37b58198 alignfull uagb-is-root-container\"><div class=\"uagb-container-inner-blocks-wrap\">\n<p>The provided image illustrates the health and wear status of SSD (solid-state) drives. This sample screenshot offers a detailed view of various metrics, enabling users to monitor the performance and longevity of their SSDs effectively. By examining these indicators, one can gain valuable insights into the current condition and potential lifespan of their storage devices.<br><br>To monitor solid state drives only, you can use our SSDlife program, information about which is available here: <a href=\"https:\/\/ssd-life.com\" rel=\"noopener\">https:\/\/ssd-life.com<\/a><\/p>\n\n\n\n<div class=\"wp-block-uagb-image alignright uagb-block-af357184 wp-block-uagb-image--layout-default wp-block-uagb-image--effect-static wp-block-uagb-image--align-right\"><figure class=\"wp-block-uagb-image__figure\"><img decoding=\"async\" srcset=\"https:\/\/hddlife.com\/wp-content\/uploads\/2024\/06\/MainWindow-SSD-shadow-1.png ,https:\/\/hddlife.com\/wp-content\/uploads\/2024\/06\/MainWindow-SSD-shadow-1.png 780w, https:\/\/hddlife.com\/wp-content\/uploads\/2024\/06\/MainWindow-SSD-shadow-1.png 360w\" sizes=\"auto, (max-width: 480px) 150px\" src=\"https:\/\/hddlife.com\/wp-content\/uploads\/2024\/06\/MainWindow-SSD-shadow-1.png\" alt=\"\" class=\"uag-image-1324\" width=\"474\" height=\"603\" title=\"MainWindow-SSD-shadow\" loading=\"lazy\" role=\"img\"\/><\/figure><\/div>\n<\/div><\/div>\n\n\n\n<div class=\"wp-block-uagb-container uagb-block-eeee6d5d alignfull uagb-is-root-container\"><div class=\"uagb-container-inner-blocks-wrap\">\n<div class=\"wp-block-uagb-image alignleft uagb-block-dfc6f1c0 wp-block-uagb-image--layout-default wp-block-uagb-image--effect-static wp-block-uagb-image--align-left\"><figure class=\"wp-block-uagb-image__figure\"><img decoding=\"async\" srcset=\"https:\/\/hddlife.com\/wp-content\/uploads\/2024\/06\/main_window_urgent.png ,https:\/\/hddlife.com\/wp-content\/uploads\/2024\/06\/main_window_urgent.png 780w, https:\/\/hddlife.com\/wp-content\/uploads\/2024\/06\/main_window_urgent.png 360w\" sizes=\"auto, (max-width: 480px) 150px\" src=\"https:\/\/hddlife.com\/wp-content\/uploads\/2024\/06\/main_window_urgent.png\" alt=\"\" class=\"uag-image-1230\" width=\"454\" height=\"521\" title=\"main_window_urgent\" loading=\"lazy\" role=\"img\"\/><\/figure><\/div>\n\n\n\n<p>Dieses Beispiel zeigt die Situation, wenn der Zustand der Festplatte nicht gut ist und die Lebensdauer der Festplatte in Gefahr ist. In diesem Fall empfehlen wir, HDDlife st\u00e4ndig im Hintergrund laufen zu lassen und den Zustand der Festplatte automatisch mindestens einmal pro halbe Stunde zu \u00fcberwachen. Und vergessen Sie nicht, Ihre Daten regelm\u00e4\u00dfig zu sichern.<\/p>\n<\/div><\/div>\n\n\n\n<div class=\"wp-block-uagb-container uagb-block-5b67f9a1 alignfull uagb-is-root-container\"><div class=\"uagb-container-inner-blocks-wrap\">\n<p>Auf diesem Bild sehen Sie ein Beispiel, wie HDDlife arbeitet, wenn es feststellt, dass die Lebensdauer und der Zustand der Festplatte kritisch ist. Es wird empfohlen, alle Daten sofort zu sichern und die Festplatte so schnell wie m\u00f6glich zu ersetzen.<\/p>\n\n\n\n<div class=\"wp-block-uagb-image alignright uagb-block-8c8209c5 wp-block-uagb-image--layout-default wp-block-uagb-image--effect-static wp-block-uagb-image--align-right\"><figure class=\"wp-block-uagb-image__figure\"><img decoding=\"async\" srcset=\"https:\/\/hddlife.com\/wp-content\/uploads\/2024\/06\/main_window_bad-1.png ,https:\/\/hddlife.com\/wp-content\/uploads\/2024\/06\/main_window_bad-1.png 780w, https:\/\/hddlife.com\/wp-content\/uploads\/2024\/06\/main_window_bad-1.png 360w\" sizes=\"auto, (max-width: 480px) 150px\" src=\"https:\/\/hddlife.com\/wp-content\/uploads\/2024\/06\/main_window_bad-1.png\" alt=\"\" class=\"uag-image-1225\" width=\"454\" height=\"521\" title=\"main_window_bad\" loading=\"lazy\" role=\"img\"\/><\/figure><\/div>\n<\/div><\/div>\n\n\n\n<div class=\"wp-block-uagb-container uagb-block-561b77ec alignfull uagb-is-root-container\"><div class=\"uagb-container-inner-blocks-wrap\">\n<h2 class=\"wp-block-heading\">HDDlife screenshots in system tray area.<\/h2>\n\n\n\n<div class=\"wp-block-uagb-image alignleft uagb-block-17cfe353 wp-block-uagb-image--layout-default wp-block-uagb-image--effect-static wp-block-uagb-image--align-left\"><figure class=\"wp-block-uagb-image__figure\"><img decoding=\"async\" srcset=\"https:\/\/hddlife.com\/wp-content\/uploads\/2024\/06\/tray_one_bad_disk_info.png ,https:\/\/hddlife.com\/wp-content\/uploads\/2024\/06\/tray_one_bad_disk_info.png 780w, https:\/\/hddlife.com\/wp-content\/uploads\/2024\/06\/tray_one_bad_disk_info.png 360w\" sizes=\"auto, (max-width: 480px) 150px\" src=\"https:\/\/hddlife.com\/wp-content\/uploads\/2024\/06\/tray_one_bad_disk_info.png\" alt=\"\" class=\"uag-image-1248\" width=\"214\" height=\"87\" title=\"tray_one_bad_disk_info\" loading=\"lazy\" role=\"img\"\/><figcaption class=\"uagb-image-caption\">Ein Beispiel f\u00fcr die Arbeit von HDDlife im Hintergrundmodus. In der Taskleiste zeigt das Programm die Temperatur der Festplatte und einen Indikator f\u00fcr den Gesundheitszustand und die Lebensdauer an - je niedriger der Wert, desto schlechter ist der Zustand.<br><\/figcaption><\/figure><\/div>\n\n\n\n<div class=\"wp-block-uagb-image alignright uagb-block-f4789230 wp-block-uagb-image--layout-default wp-block-uagb-image--effect-static wp-block-uagb-image--align-right\"><figure class=\"wp-block-uagb-image__figure\"><img decoding=\"async\" srcset=\"https:\/\/hddlife.com\/wp-content\/uploads\/2024\/06\/tray_hint_all_drives.jpg ,https:\/\/hddlife.com\/wp-content\/uploads\/2024\/06\/tray_hint_all_drives.jpg 780w, https:\/\/hddlife.com\/wp-content\/uploads\/2024\/06\/tray_hint_all_drives.jpg 360w\" sizes=\"auto, (max-width: 480px) 150px\" src=\"https:\/\/hddlife.com\/wp-content\/uploads\/2024\/06\/tray_hint_all_drives.jpg\" alt=\"\" class=\"uag-image-1241\" width=\"282\" height=\"211\" title=\"tray_hint_all_drives\" loading=\"lazy\" role=\"img\"\/><figcaption class=\"uagb-image-caption\">Wenn Sie den Modus mit regelm\u00e4\u00dfigen pr\u00e4ventiven \u00dcberpr\u00fcfungen des Zustands und der Lebensdauer Ihrer Festplatten aktivieren, werden die Ergebnisse direkt nach jeder \u00dcberpr\u00fcfung auf diese Weise angezeigt. Diese Meldung wird nach 15 Sekunden ausgeblendet, um Ihre Arbeit nicht zu beeintr\u00e4chtigen.<\/figcaption><\/figure><\/div>\n\n\n\n<div class=\"wp-block-uagb-image alignleft uagb-block-e9fcc60e wp-block-uagb-image--layout-default wp-block-uagb-image--effect-static wp-block-uagb-image--align-left\"><figure class=\"wp-block-uagb-image__figure\"><img decoding=\"async\" srcset=\"https:\/\/hddlife.com\/wp-content\/uploads\/2024\/06\/tray_shield_all_drives.png ,https:\/\/hddlife.com\/wp-content\/uploads\/2024\/06\/tray_shield_all_drives.png 780w, https:\/\/hddlife.com\/wp-content\/uploads\/2024\/06\/tray_shield_all_drives.png 360w\" sizes=\"auto, (max-width: 480px) 150px\" src=\"https:\/\/hddlife.com\/wp-content\/uploads\/2024\/06\/tray_shield_all_drives.png\" alt=\"\" class=\"uag-image-1252\" width=\"227\" height=\"88\" title=\"tray_shield_all_drives\" loading=\"lazy\" role=\"img\"\/><figcaption class=\"uagb-image-caption\">Sie k\u00f6nnen die Anzeige der Temperatur Ihrer Festplatten deaktivieren und die Anzeige des Zustands und der Lebensdauer f\u00fcr jede Festplatte in einem separaten Symbol aktivieren.<br><\/figcaption><\/figure><\/div>\n\n\n\n<div class=\"wp-block-uagb-image alignright uagb-block-3a844904 wp-block-uagb-image--layout-default wp-block-uagb-image--effect-static wp-block-uagb-image--align-right\"><figure class=\"wp-block-uagb-image__figure\"><img decoding=\"async\" srcset=\"https:\/\/hddlife.com\/wp-content\/uploads\/2024\/06\/tray_only_main_icon.png ,https:\/\/hddlife.com\/wp-content\/uploads\/2024\/06\/tray_only_main_icon.png 780w, https:\/\/hddlife.com\/wp-content\/uploads\/2024\/06\/tray_only_main_icon.png 360w\" sizes=\"auto, (max-width: 480px) 150px\" src=\"https:\/\/hddlife.com\/wp-content\/uploads\/2024\/06\/tray_only_main_icon.png\" alt=\"\" class=\"uag-image-1250\" width=\"214\" height=\"121\" title=\"tray_only_main_icon\" loading=\"lazy\" role=\"img\"\/><figcaption class=\"uagb-image-caption\">Oder Sie k\u00f6nnen nur das HDDlife-Hauptsymbol in der Taskleiste lassen. Wenn Sie mehrere Festplatten haben, zeigt der Tooltip, wenn Sie mit dem Mauszeiger \u00fcber das Symbol fahren, nur die ersten zwei Festplatten an - das ist eine Einschr\u00e4nkung von Windows.<\/figcaption><\/figure><\/div>\n\n\n\n<div class=\"wp-block-columns is-layout-flex wp-container-core-columns-is-layout-28f84493 wp-block-columns-is-layout-flex\">\n<div class=\"wp-block-column is-layout-flow wp-block-column-is-layout-flow\">\n<figure class=\"wp-block-image alignleft size-full\"><img loading=\"lazy\" decoding=\"async\" width=\"282\" height=\"191\" src=\"https:\/\/hddlife.com\/wp-content\/uploads\/2024\/06\/AnywhereView_MyComputer_SuperSmall2a.png\" alt=\"\" class=\"wp-image-1200\"\/><\/figure>\n\n\n\n<p><strong><span style=\"color: #f79105;\" class=\"stk-highlight\">AnywhereView\u2122 - \u00dcberwachung des Zustands von Festplatten in jedem Programm'<\/span><\/strong><br>Das Symbol f\u00fcr den Zustand der Festplatten wird direkt auf den Symbolen der Festplatten in allen Programmen auf Ihrem Computer angezeigt - vom Fenster \"Arbeitsplatz\" mit der Liste der Laufwerke bis zum Dialogfeld \"Datei \u00f6ffnen\" eines beliebigen Programms - Word, Notepad usw. Sie werden nie mehr den Zustand Ihrer Festplatten und die Sicherheit Ihrer Daten vergessen!<br>\u00b4&nbsp;(available only in the professional version (HDDlife Pro). For details see the <a href=\"https:\/\/hddlife.com\/de\/hddlife-screenshots\/\" data-type=\"page\" data-id=\"1293\">comparison table<\/a>.)<\/p>\n<\/div>\n<\/div>\n<\/div><\/div>\n<\/div><\/div>\n\n\n\n<div class=\"wp-block-uagb-container uagb-block-6d5f491a alignfull uagb-is-root-container\"><div class=\"uagb-container-inner-blocks-wrap\">\n<div data-aos= \"slide-up\" data-aos-duration=\"750\" data-aos-delay=\"0\" data-aos-easing=\"ease\" data-aos-once=\"true\" class=\"wp-block-uagb-container uagb-block-fb8ee310 alignfull uagb-is-root-container\">\n<div class=\"wp-block-uagb-call-to-action uagb-block-623ef8f3 wp-block-button\"><div class=\"uagb-cta__wrap\"><h3 class=\"uagb-cta__title\">14 Tage kostenlos testen, jetzt downloaden!<\/h3><p class=\"uagb-cta__desc\">Voll funktionsf\u00e4hige Testversion!<\/p><\/div><div class=\"uagb-cta__buttons\"><a href=\"\/de\/download-hddlife-hard-disk-life\/\" class=\"uagb-cta__button-link-wrapper wp-block-button__link\" target=\"_self\" rel=\"noopener noreferrer\">Herunterladen <svg xmlns=\"https:\/\/www.w3.org\/2000\/svg\" viewbox=\"0 0 512 512\"><path d=\"M480 352h-133.5l-45.25 45.25C289.2 409.3 273.1 416 256 416s-33.16-6.656-45.25-18.75L165.5 352H32c-17.67 0-32 14.33-32 32v96c0 17.67 14.33 32 32 32h448c17.67 0 32-14.33 32-32v-96C512 366.3 497.7 352 480 352zM432 456c-13.2 0-24-10.8-24-24c0-13.2 10.8-24 24-24s24 10.8 24 24C456 445.2 445.2 456 432 456zM233.4 374.6C239.6 380.9 247.8 384 256 384s16.38-3.125 22.62-9.375l128-128c12.49-12.5 12.49-32.75 0-45.25c-12.5-12.5-32.76-12.5-45.25 0L288 274.8V32c0-17.67-14.33-32-32-32C238.3 0 224 14.33 224 32v242.8L150.6 201.4c-12.49-12.5-32.75-12.5-45.25 0c-12.49 12.5-12.49 32.75 0 45.25L233.4 374.6z\"><\/path><\/svg><\/a><\/div><\/div>\n<\/div>\n<\/div><\/div>\n\n\n\n<div class=\"wp-block-uagb-container uagb-block-eec20365 alignfull uagb-is-root-container\"><div class=\"uagb-container-inner-blocks-wrap\">\n<div class=\"wp-block-uagb-container uagb-block-0104e01d alignfull uagb-is-root-container\"><div class=\"uagb-container-inner-blocks-wrap\">\n<h4 class=\"wp-block-heading\">Diese Blogeintr\u00e4ge k\u00f6nnten f\u00fcr Sie interessant sein:<\/h4>\n\n\n\n\t\t\t<div class=\"wp-block-uagb-post-carousel uagb-post-grid  uagb-post__image-position-top uagb-post__image-enabled uagb-block-df794b32     uagb-post__arrow-outside uagb-slick-carousel uagb-post__items uagb-post__columns-2 is-carousel uagb-post__columns-tablet-2 uagb-post__columns-mobile-1\" data-total=\"1\" style=\"\">\n\n\t\t\t\t\t\t\t\t\t\t\t\t<article class=\"uagb-post__inner-wrap\">\t\t\t\t\t\t\t\t<h4 class=\"uagb-post__title uagb-post__text\">\n\t\t\t\t<a href=\"https:\/\/hddlife.com\/de\/blog\/macrium-reflect-x-test-review-compare-trueimage\/\" target=\"_self\" rel=\"bookmark noopener noreferrer\">Reflect X: Ist die Datensicherung wirklich schneller geworden? Ein einfacher Test f\u00fcr Alltagsnutzer<\/a>\n\t\t\t<\/h4>\n\t\t\t\t\t\t<div class='uagb-post__text uagb-post-grid-byline'>\n\t\t\t\t\t\t\t\t<time datetime=\"2025-02-28T07:34:56+00:00\" class=\"uagb-post__date\">\n\t\t\t\t<span class=\"dashicons-calendar dashicons\"><\/span>\t\t\t\t\tFebruar 28, 2025\t\t\t\t<\/time>\n\t\t\t\t\t\t\t<span class=\"uagb-post__comment\">\n\t\t\t\t<span class=\"dashicons-admin-comments dashicons\"><\/span>\t\t\t\t\t2\u00a0Kommentare\t\t\t\t<\/span>\n\t\t\t\t\t\t<\/div>\n\t\t\t\t\t\t\t<div class='uagb-post__text uagb-post__excerpt'>\n\t\t\t\t\t<p>Introduction Despite the importance of monitoring HDD and SSD health with tools like HDDLife and&#8230;\t\t\t\t<\/div>\n\t\t\t\t\t\t<div class=\"uagb-post__text uagb-post__cta wp-block-button\">\n\t\t\t\t<a class=\"wp-block-button__link uagb-text-link\" style=\"\" href=\"https:\/\/hddlife.com\/de\/blog\/macrium-reflect-x-test-review-compare-trueimage\/\" target=\"_self\" rel=\"bookmark noopener noreferrer\">Weiterlesen<\/a>\n\t\t\t<\/div>\n\t\t\t\n\t\t\t\t\t\t\t\t\t<\/article>\n\t\t\t\t\t\t\t\t\t\t\t\t\t\t\t\t<article class=\"uagb-post__inner-wrap\">\t\t\t\t\t\t\t\t<h4 class=\"uagb-post__title uagb-post__text\">\n\t\t\t\t<a href=\"https:\/\/hddlife.com\/de\/blog\/ai-in-hdd-and-ssd-reliability-analysis\/\" target=\"_self\" rel=\"bookmark noopener noreferrer\">K\u00fcnstliche Intelligenz in der Zuverl\u00e4ssigkeitsanalyse von HDDs und SSDs: Neue Horizonte<\/a>\n\t\t\t<\/h4>\n\t\t\t\t\t\t<div class='uagb-post__text uagb-post-grid-byline'>\n\t\t\t\t\t\t\t\t<time datetime=\"2024-11-14T19:30:07+00:00\" class=\"uagb-post__date\">\n\t\t\t\t<span class=\"dashicons-calendar dashicons\"><\/span>\t\t\t\t\tNovember 14, 2024\t\t\t\t<\/time>\n\t\t\t\t\t\t\t<span class=\"uagb-post__comment\">\n\t\t\t\t<span class=\"dashicons-admin-comments dashicons\"><\/span>\t\t\t\t\tKeine Kommentare\t\t\t\t<\/span>\n\t\t\t\t\t\t<\/div>\n\t\t\t\t\t\t\t<div class='uagb-post__text uagb-post__excerpt'>\n\t\t\t\t\t<p>AI in HDD and SSD reliability analysis: New Horizons In today&#8217;s world, artificial intelligence (AI)&#8230;\t\t\t\t<\/div>\n\t\t\t\t\t\t<div class=\"uagb-post__text uagb-post__cta wp-block-button\">\n\t\t\t\t<a class=\"wp-block-button__link uagb-text-link\" style=\"\" href=\"https:\/\/hddlife.com\/de\/blog\/ai-in-hdd-and-ssd-reliability-analysis\/\" target=\"_self\" rel=\"bookmark noopener noreferrer\">Weiterlesen<\/a>\n\t\t\t<\/div>\n\t\t\t\n\t\t\t\t\t\t\t\t\t<\/article>\n\t\t\t\t\t\t\t\t\t\t\t\t\t\t\t\t<article class=\"uagb-post__inner-wrap\">\t\t\t\t\t\t\t\t<h4 class=\"uagb-post__title uagb-post__text\">\n\t\t\t\t<a href=\"https:\/\/hddlife.com\/de\/blog\/google-doesnt-know-about-hdd-temperature\/\" target=\"_self\" rel=\"bookmark noopener noreferrer\">Was Google nicht \u00fcber Festplattentemperaturen wei\u00df und Sie wissen sollten<\/a>\n\t\t\t<\/h4>\n\t\t\t\t\t\t<div class='uagb-post__text uagb-post-grid-byline'>\n\t\t\t\t\t\t\t\t<time datetime=\"2021-06-27T10:21:30+00:00\" class=\"uagb-post__date\">\n\t\t\t\t<span class=\"dashicons-calendar dashicons\"><\/span>\t\t\t\t\tJuni 27, 2021\t\t\t\t<\/time>\n\t\t\t\t\t\t\t<span class=\"uagb-post__comment\">\n\t\t\t\t<span class=\"dashicons-admin-comments dashicons\"><\/span>\t\t\t\t\tKeine Kommentare\t\t\t\t<\/span>\n\t\t\t\t\t\t<\/div>\n\t\t\t\t\t\t\t<div class='uagb-post__text uagb-post__excerpt'>\n\t\t\t\t\t<p>Studies about HDD temperature conducted by Google and Backblaze in the same breath conclude that&#8230;\t\t\t\t<\/div>\n\t\t\t\t\t\t<div class=\"uagb-post__text uagb-post__cta wp-block-button\">\n\t\t\t\t<a class=\"wp-block-button__link uagb-text-link\" style=\"\" href=\"https:\/\/hddlife.com\/de\/blog\/google-doesnt-know-about-hdd-temperature\/\" target=\"_self\" rel=\"bookmark noopener noreferrer\">Weiterlesen<\/a>\n\t\t\t<\/div>\n\t\t\t\n\t\t\t\t\t\t\t\t\t<\/article>\n\t\t\t\t\t\t\t\t\t\t\t<\/div>\n\t\t\t<\/div><\/div>\n<\/div><\/div>","protected":false},"excerpt":{"rendered":"<p>HDDlife screenshots in action. The main window with the information about the disk. The overall general state of its health is shown together with the percentage of the remaining life and performance rate. If you have several hard drives, you can switch among them using the tabs at the top of the window. The provided [&hellip;]<\/p>\n","protected":false},"author":1,"featured_media":0,"parent":0,"menu_order":0,"comment_status":"closed","ping_status":"closed","template":"","meta":{"inline_featured_image":false,"_uag_custom_page_level_css":"","site-sidebar-layout":"default","site-content-layout":"","ast-site-content-layout":"default","site-content-style":"default","site-sidebar-style":"default","ast-global-header-display":"","ast-banner-title-visibility":"","ast-main-header-display":"","ast-hfb-above-header-display":"","ast-hfb-below-header-display":"","ast-hfb-mobile-header-display":"","site-post-title":"disabled","ast-breadcrumbs-content":"","ast-featured-img":"","footer-sml-layout":"","ast-disable-related-posts":"","theme-transparent-header-meta":"","adv-header-id-meta":"","stick-header-meta":"","header-above-stick-meta":"","header-main-stick-meta":"","header-below-stick-meta":"","astra-migrate-meta-layouts":"set","ast-page-background-enabled":"default","ast-page-background-meta":{"desktop":{"background-color":"","background-image":"","background-repeat":"repeat","background-position":"center center","background-size":"auto","background-attachment":"scroll","background-type":"","background-media":"","overlay-type":"","overlay-color":"","overlay-opacity":"","overlay-gradient":""},"tablet":{"background-color":"","background-image":"","background-repeat":"repeat","background-position":"center center","background-size":"auto","background-attachment":"scroll","background-type":"","background-media":"","overlay-type":"","overlay-color":"","overlay-opacity":"","overlay-gradient":""},"mobile":{"background-color":"","background-image":"","background-repeat":"repeat","background-position":"center center","background-size":"auto","background-attachment":"scroll","background-type":"","background-media":"","overlay-type":"","overlay-color":"","overlay-opacity":"","overlay-gradient":""}},"ast-content-background-meta":{"desktop":{"background-color":"var(--ast-global-color-5)","background-image":"","background-repeat":"repeat","background-position":"center center","background-size":"auto","background-attachment":"scroll","background-type":"","background-media":"","overlay-type":"","overlay-color":"","overlay-opacity":"","overlay-gradient":""},"tablet":{"background-color":"var(--ast-global-color-5)","background-image":"","background-repeat":"repeat","background-position":"center center","background-size":"auto","background-attachment":"scroll","background-type":"","background-media":"","overlay-type":"","overlay-color":"","overlay-opacity":"","overlay-gradient":""},"mobile":{"background-color":"var(--ast-global-color-5)","background-image":"","background-repeat":"repeat","background-position":"center center","background-size":"auto","background-attachment":"scroll","background-type":"","background-media":"","overlay-type":"","overlay-color":"","overlay-opacity":"","overlay-gradient":""}},"footnotes":""},"class_list":["post-1293","page","type-page","status-publish","hentry"],"spectra_custom_meta":{"_edit_lock":["1741161251:1"],"_uag_custom_page_level_css":[""],"ast-site-content-layout":["default"],"theme-transparent-header-meta":[""],"adv-header-id-meta":[""],"stick-header-meta":[""],"astra-migrate-meta-layouts":["set"],"footnotes":[""],"_edit_last":["1"],"stackable_optimized_css":[""],"stackable_optimized_css_raw":["a:0:{}"],"site-post-title":["disabled"],"rank_math_news_sitemap_robots":["index"],"rank_math_robots":["a:1:{i:0;s:5:\"index\";}"],"rank_math_og_content_image":["a:2:{s:5:\"check\";s:32:\"c4b5786e070f4f02fc64fe2fb703d821\";s:6:\"images\";a:1:{i:0;i:1123;}}"],"rank_math_seo_score":["79"],"rank_math_internal_links_processed":["1"],"rank_math_focus_keyword":["hddlife screenshots"],"rank_math_title":["HDDlife screenshots in action"],"rank_math_description":["HDDlife screenshots in different operating modes. HDDLife - diagnostic software to check the health and performance of hard disk drives and SSDs."],"_yoast_wpseo_metadesc":["Screenshots of the program in different modes of operation. HDDLife - diagnostic software to check the health and performance of hard disk drives and SSDs."],"_yoast_wpseo_title":["Screenshots of HDDlife in action."],"_yoast_wpseo_focuskw":["Screenshots of HDDlife"],"_wpml_word_count":["{\"total\":518,\"to_translate\":{\"fr\":518,\"de\":518,\"it\":518}}"],"litespeed_vpi_list_mobile":["a:2:{i:0;s:37:\"cropped-hddlife_logo_140-1-120x39.png\";i:1;s:18:\"MainWindow-HDD.png\";}"],"litespeed_vpi_list":["a:2:{i:0;s:37:\"cropped-hddlife_logo_140-1-120x39.png\";i:1;s:18:\"MainWindow-HDD.png\";}"],"_uag_css_file_name":["uag-css-1293.css"],"_uag_js_file_name":["uag-js-1293.js"]},"uagb_featured_image_src":{"full":false,"thumbnail":false,"medium":false,"medium_large":false,"large":false,"1536x1536":false,"2048x2048":false,"trp-custom-language-flag":false},"uagb_author_info":{"display_name":"admin","author_link":"https:\/\/hddlife.com\/de\/author\/ayaadmin\/"},"uagb_comment_info":0,"uagb_excerpt":"HDDlife screenshots in action. The main window with the information about the disk. The overall general state of its health is shown together with the percentage of the remaining life and performance rate. If you have several hard drives, you can switch among them using the tabs at the top of the window. The provided&hellip;","_links":{"self":[{"href":"https:\/\/hddlife.com\/de\/wp-json\/wp\/v2\/pages\/1293","targetHints":{"allow":["GET"]}}],"collection":[{"href":"https:\/\/hddlife.com\/de\/wp-json\/wp\/v2\/pages"}],"about":[{"href":"https:\/\/hddlife.com\/de\/wp-json\/wp\/v2\/types\/page"}],"author":[{"embeddable":true,"href":"https:\/\/hddlife.com\/de\/wp-json\/wp\/v2\/users\/1"}],"replies":[{"embeddable":true,"href":"https:\/\/hddlife.com\/de\/wp-json\/wp\/v2\/comments?post=1293"}],"version-history":[{"count":0,"href":"https:\/\/hddlife.com\/de\/wp-json\/wp\/v2\/pages\/1293\/revisions"}],"wp:attachment":[{"href":"https:\/\/hddlife.com\/de\/wp-json\/wp\/v2\/media?parent=1293"}],"curies":[{"name":"wp","href":"https:\/\/api.w.org\/{rel}","templated":true}]}}